{"id":1008,"date":"2026-04-07T13:52:15","date_gmt":"2026-04-07T13:52:15","guid":{"rendered":"https:\/\/repflowlabs.com\/?page_id=1008"},"modified":"2026-04-13T10:19:59","modified_gmt":"2026-04-13T10:19:59","slug":"impressum","status":"publish","type":"page","link":"https:\/\/repflowlabs.com\/de\/impressum\/","title":{"rendered":"Impressum"},"content":{"rendered":"<div class=\"wp-block-cover alignfull has-custom-content-position is-position-top-left zindex10\" style=\"margin-top:0;margin-bottom:0;padding-top:18vh;padding-right:var(--wp--preset--spacing--30);padding-bottom:0px;padding-left:var(--wp--preset--spacing--30)\"><img loading=\"lazy\" decoding=\"async\" width=\"1024\" height=\"683\" class=\"wp-block-cover__image-background wp-image-736 size-large\" alt=\"\" src=\"https:\/\/repflowlabs.com\/wp-content\/uploads\/2021\/11\/pexels-gdtography-911738-1024x683.jpg\" data-object-fit=\"cover\" srcset=\"https:\/\/repflowlabs.com\/wp-content\/uploads\/2021\/11\/pexels-gdtography-911738-1024x683.jpg 1024w, https:\/\/repflowlabs.com\/wp-content\/uploads\/2021\/11\/pexels-gdtography-911738-300x200.jpg 300w, https:\/\/repflowlabs.com\/wp-content\/uploads\/2021\/11\/pexels-gdtography-911738-768x512.jpg 768w, https:\/\/repflowlabs.com\/wp-content\/uploads\/2021\/11\/pexels-gdtography-911738-1000x667.jpg 1000w, https:\/\/repflowlabs.com\/wp-content\/uploads\/2021\/11\/pexels-gdtography-911738-230x153.jpg 230w, https:\/\/repflowlabs.com\/wp-content\/uploads\/2021\/11\/pexels-gdtography-911738-350x234.jpg 350w, https:\/\/repflowlabs.com\/wp-content\/uploads\/2021\/11\/pexels-gdtography-911738-480x320.jpg 480w, https:\/\/repflowlabs.com\/wp-content\/uploads\/2021\/11\/pexels-gdtography-911738.jpg 1280w\" sizes=\"auto, (max-width: 1024px) 100vw, 1024px\" \/><span aria-hidden=\"true\" class=\"wp-block-cover__background has-global-color-6-background-color has-background-dim-90 has-background-dim\"><\/span><div class=\"wp-block-cover__inner-container has-global-padding is-layout-constrained wp-container-core-cover-is-layout-77d53a3d wp-block-cover-is-layout-constrained\">\n<div class=\"wp-block-columns alignwide is-layout-flex wp-container-core-columns-is-layout-28f84493 wp-block-columns-is-layout-flex\">\n<div class=\"wp-block-column is-layout-flow wp-block-column-is-layout-flow\">\n<h2 class=\"wp-block-heading is-style-sydney-no-margin main-page-title has-global-color-9-color has-text-color\" style=\"margin-bottom:20px\">Angaben gem\u00e4\u00df \u00a7 5 ECG und \u00a7 25 MedienG<\/h2>\n\n\n\n<p class=\"has-global-color-9-color has-text-color has-link-color wp-elements-2f0016ec9cb5237f48dd12fc530171f0\">Betreiber der Website:<\/p>\n\n\n\n<p class=\"has-text-color\" style=\"color:#FFFFFF;margin-top:var(--wp--preset--spacing--40);font-size:18px\">Thomas Schwaiger<br>Edmundo Sanchez <br>Vorgartenstr. 210\/2\/4<br>1020 Wien<br>\u00d6sterreich<\/p>\n\n\n\n<p>E-Mail: info@repflowlabs.com<\/p>\n\n\n\n<p><strong>Medieninhaber und f\u00fcr den Inhalt verantwortlich:<\/strong><br>ident mit Betreiber<\/p>\n\n\n\n<p><strong>Unternehmensgegenstand<\/strong><br>Diese Website dient der Pr\u00e4sentation und Validierung eines Projekts im Bereich DNA-basierter Analyseverfahren sowie der Erhebung von Interesse an m\u00f6glichen zuk\u00fcnftigen Dienstleistungen.<\/p>\n\n\n\n<p><strong>Hinweis<\/strong><br>Das Projekt befindet sich in einer fr\u00fchen Entwicklungsphase. Es werden derzeit keine kommerziellen Dienstleistungen angeboten.<\/p>\n\n\n\n<p><\/p>\n\n\n\n<p><\/p>\n<\/div>\n<\/div>\n<\/div><\/div>","protected":false},"excerpt":{"rendered":"","protected":false},"author":1,"featured_media":0,"parent":0,"menu_order":0,"comment_status":"closed","ping_status":"closed","template":"page-templates\/page_front-page.php","meta":{"footnotes":""},"class_list":["post-1008","page","type-page","status-publish","hentry"],"_links":{"self":[{"href":"https:\/\/repflowlabs.com\/de\/wp-json\/wp\/v2\/pages\/1008","targetHints":{"allow":["GET"]}}],"collection":[{"href":"https:\/\/repflowlabs.com\/de\/wp-json\/wp\/v2\/pages"}],"about":[{"href":"https:\/\/repflowlabs.com\/de\/wp-json\/wp\/v2\/types\/page"}],"author":[{"embeddable":true,"href":"https:\/\/repflowlabs.com\/de\/wp-json\/wp\/v2\/users\/1"}],"replies":[{"embeddable":true,"href":"https:\/\/repflowlabs.com\/de\/wp-json\/wp\/v2\/comments?post=1008"}],"version-history":[{"count":12,"href":"https:\/\/repflowlabs.com\/de\/wp-json\/wp\/v2\/pages\/1008\/revisions"}],"predecessor-version":[{"id":1064,"href":"https:\/\/repflowlabs.com\/de\/wp-json\/wp\/v2\/pages\/1008\/revisions\/1064"}],"wp:attachment":[{"href":"https:\/\/repflowlabs.com\/de\/wp-json\/wp\/v2\/media?parent=1008"}],"curies":[{"name":"wp","href":"https:\/\/api.w.org\/{rel}","templated":true}]}}