{"id":741,"date":"2021-10-29T08:15:42","date_gmt":"2021-10-29T08:15:42","guid":{"rendered":"https:\/\/demo.athemes.com\/sydney-main-gb\/?page_id=5"},"modified":"2026-04-13T10:20:46","modified_gmt":"2026-04-13T10:20:46","slug":"my-front-page","status":"publish","type":"page","link":"https:\/\/repflowlabs.com\/de\/","title":{"rendered":"My front page"},"content":{"rendered":"<div class=\"wp-block-cover alignfull zindex10\" style=\"margin-top:0;margin-bottom:0;padding-top:18vh;padding-right:var(--wp--preset--spacing--30);padding-left:var(--wp--preset--spacing--30);min-height:773px;aspect-ratio:unset;\"><img loading=\"lazy\" decoding=\"async\" width=\"1280\" height=\"854\" class=\"wp-block-cover__image-background wp-image-736 size-full\" alt=\"\" src=\"https:\/\/repflowlabs.com\/wp-content\/uploads\/2021\/11\/pexels-gdtography-911738.jpg\" style=\"object-position:87% 83%\" data-object-fit=\"cover\" data-object-position=\"87% 83%\" srcset=\"https:\/\/repflowlabs.com\/wp-content\/uploads\/2021\/11\/pexels-gdtography-911738.jpg 1280w, https:\/\/repflowlabs.com\/wp-content\/uploads\/2021\/11\/pexels-gdtography-911738-300x200.jpg 300w, https:\/\/repflowlabs.com\/wp-content\/uploads\/2021\/11\/pexels-gdtography-911738-1024x683.jpg 1024w, https:\/\/repflowlabs.com\/wp-content\/uploads\/2021\/11\/pexels-gdtography-911738-768x512.jpg 768w, https:\/\/repflowlabs.com\/wp-content\/uploads\/2021\/11\/pexels-gdtography-911738-1000x667.jpg 1000w, https:\/\/repflowlabs.com\/wp-content\/uploads\/2021\/11\/pexels-gdtography-911738-230x153.jpg 230w, https:\/\/repflowlabs.com\/wp-content\/uploads\/2021\/11\/pexels-gdtography-911738-350x234.jpg 350w, https:\/\/repflowlabs.com\/wp-content\/uploads\/2021\/11\/pexels-gdtography-911738-480x320.jpg 480w\" sizes=\"auto, (max-width: 1280px) 100vw, 1280px\" \/><span aria-hidden=\"true\" class=\"wp-block-cover__background has-global-color-6-background-color has-background-dim-90 has-background-dim\"><\/span><div class=\"wp-block-cover__inner-container has-global-padding is-layout-constrained wp-container-core-cover-is-layout-c76a0117 wp-block-cover-is-layout-constrained\">\n<div class=\"wp-block-columns alignwide is-layout-flex wp-container-core-columns-is-layout-74d018ca wp-block-columns-is-layout-flex\" style=\"padding-top:var(--wp--preset--spacing--20);padding-right:var(--wp--preset--spacing--20);padding-bottom:var(--wp--preset--spacing--20);padding-left:var(--wp--preset--spacing--20)\">\n<div class=\"wp-block-column is-layout-flow wp-block-column-is-layout-flow\">\n<h1 class=\"wp-block-heading has-text-align-left is-style-sydney-no-margin main-page-title has-text-color\" style=\"color:#FFFFFF;margin-bottom:20px\">Sch\u00e4dliche Organismen fr\u00fch erkennen.<\/h1>\n\n\n\n<h2 class=\"wp-block-heading has-text-align-left has-global-color-9-color has-text-color has-link-color wp-elements-bfcbdd86ae4e4f6c1e6bcd5be7cfdb89\">Bevor sie zum Problem werden.<\/h2>\n\n\n\n<p class=\"has-text-align-left has-text-color\" style=\"color:#FFFFFF;margin-top:var(--wp--preset--spacing--40);font-size:18px\">Repflow nutzt eDNA-Analyse, um Sch\u00e4dlinge, Unkr\u00e4uter und Parasiten in Wasser oder Boden nachzuweisen \u2013 und liefert fr\u00fchzeitig Hinweise, damit Sie handeln k\u00f6nnen, bevor Sch\u00e4den entstehen.<\/p>\n\n\n\n<ul class=\"wp-block-list\">\n<li>Risiken erkennen&nbsp;<strong>bevor sie sichtbar sind<\/strong><\/li>\n\n\n\n<li>Einfache Probenahme \u2013 keine aufwendigen Kontrollen<\/li>\n\n\n\n<li>Einsetzbar in Landwirtschaft und Tierhaltung<\/li>\n<\/ul>\n<\/div>\n\n\n\n<div class=\"wp-block-column is-layout-flow wp-block-column-is-layout-flow\" style=\"flex-basis:5%\"><\/div>\n\n\n\n<div class=\"wp-block-column is-vertically-aligned-center is-layout-flow wp-block-column-is-layout-flow\" style=\"flex-basis:20%\">\n<figure class=\"wp-block-image aligncenter size-full is-style-default wp-duotone-purple-green\"><img loading=\"lazy\" decoding=\"async\" width=\"1920\" height=\"2560\" src=\"https:\/\/repflowlabs.com\/wp-content\/uploads\/2026\/04\/pexels-turek3024-8741788-edited-scaled.jpg\" alt=\"\" class=\"wp-image-988\" srcset=\"https:\/\/repflowlabs.com\/wp-content\/uploads\/2026\/04\/pexels-turek3024-8741788-edited-scaled.jpg 1920w, https:\/\/repflowlabs.com\/wp-content\/uploads\/2026\/04\/pexels-turek3024-8741788-edited-225x300.jpg 225w, https:\/\/repflowlabs.com\/wp-content\/uploads\/2026\/04\/pexels-turek3024-8741788-edited-768x1024.jpg 768w, https:\/\/repflowlabs.com\/wp-content\/uploads\/2026\/04\/pexels-turek3024-8741788-edited-1152x1536.jpg 1152w, https:\/\/repflowlabs.com\/wp-content\/uploads\/2026\/04\/pexels-turek3024-8741788-edited-1536x2048.jpg 1536w, https:\/\/repflowlabs.com\/wp-content\/uploads\/2026\/04\/pexels-turek3024-8741788-edited-1000x1333.jpg 1000w, https:\/\/repflowlabs.com\/wp-content\/uploads\/2026\/04\/pexels-turek3024-8741788-edited-230x307.jpg 230w, https:\/\/repflowlabs.com\/wp-content\/uploads\/2026\/04\/pexels-turek3024-8741788-edited-350x467.jpg 350w, https:\/\/repflowlabs.com\/wp-content\/uploads\/2026\/04\/pexels-turek3024-8741788-edited-480x640.jpg 480w\" sizes=\"auto, (max-width: 1920px) 100vw, 1920px\" \/><\/figure>\n<\/div>\n<\/div>\n\n\n\n<div class=\"wp-block-columns alignwide is-layout-flex wp-container-core-columns-is-layout-865917af wp-block-columns-is-layout-flex\" style=\"margin-top:0;margin-bottom:0;padding-top:0;padding-right:var(--wp--preset--spacing--30);padding-bottom:0;padding-left:var(--wp--preset--spacing--30)\">\n<div class=\"wp-block-column has-global-color-9-background-color has-background has-medium-font-size is-layout-flow wp-block-column-is-layout-flow\" style=\"padding-top:var(--wp--preset--spacing--30);padding-right:var(--wp--preset--spacing--30);padding-bottom:var(--wp--preset--spacing--30);padding-left:var(--wp--preset--spacing--30)\"><div class=\"at-block at-block-98911522-8178-410f-9444-626c17a7e84f at-block-icon at-block-icon--has-icon atb-has-font-size wp-block-athemes-blocks-icon\"><style>.at-block-98911522-8178-410f-9444-626c17a7e84f .at-block-icon__icon { border-style: solid;border-top-left-radius: 50px ;border-top-right-radius: 50px ;border-bottom-right-radius: 50px ;border-bottom-left-radius: 50px  } .at-block-98911522-8178-410f-9444-626c17a7e84f { justify-content: flex-start;font-size: 35px;z-index: 0; position: relative;  } .at-block-98911522-8178-410f-9444-626c17a7e84f .at-block-icon__icon svg { fill: var(--sydney-global-color-7)  } .at-block-98911522-8178-410f-9444-626c17a7e84f .at-block-icon__icon { transform: rotate(0deg); ;background-color: var(--sydney-global-color-1); ;width: 50px; ;height: 50px;  } .at-block-98911522-8178-410f-9444-626c17a7e84f .at-block-icon__icon:hover { background-color: var(--sydney-global-color-1);  } <\/style><div class=\"at-block-icon__icon\"><svg xmlns=\"http:\/\/www.w3.org\/2000\/svg\" viewbox=\"0 0 320 512\"><!--! Font Awesome Free 6.7.2 by @fontawesome - https:\/\/fontawesome.com License - https:\/\/fontawesome.com\/license\/free (Icons: CC BY 4.0, Fonts: SIL OFL 1.1, Code: MIT License) Copyright 2024 Fonticons, Inc. --><path d=\"M96 0C82.7 0 72 10.7 72 24s10.7 24 24 24c4.4 0 8 3.6 8 8l0 64.9c0 12.2-7.2 23.1-17.2 30.1C53.7 174.1 32 212.5 32 256l0 192c0 35.3 28.7 64 64 64l128 0c35.3 0 64-28.7 64-64l0-192c0-43.5-21.7-81.9-54.8-105c-10-7-17.2-17.9-17.2-30.1L216 56c0-4.4 3.6-8 8-8c13.3 0 24-10.7 24-24s-10.7-24-24-24l-8 0s0 0 0 0s0 0 0 0L104 0s0 0 0 0s0 0 0 0L96 0zm64 382c-26.5 0-48-20.1-48-45c0-16.8 22.1-48.1 36.3-66.4c6-7.8 17.5-7.8 23.5 0C185.9 288.9 208 320.2 208 337c0 24.9-21.5 45-48 45z\" \/><\/svg><\/div><\/div>\n\n\n<h6 class=\"wp-block-heading has-dark-gray-color has-text-color\" style=\"font-size:12px;letter-spacing:1px;text-transform:uppercase\">SAMPLE<\/h6>\n\n\n\n<p class=\"has-text-color\" style=\"color:var(--sydney-global-color-4)\">Entnehmen sie eine Boden- oder <br>Wasserprobe.<\/p>\n<\/div>\n\n\n\n<div class=\"wp-block-column has-global-color-9-background-color has-background has-medium-font-size is-layout-flow wp-block-column-is-layout-flow\" style=\"padding-top:var(--wp--preset--spacing--30);padding-right:var(--wp--preset--spacing--30);padding-bottom:var(--wp--preset--spacing--30);padding-left:var(--wp--preset--spacing--30)\"><div class=\"at-block at-block-86456603-33e5-48a7-b157-de90f3b5438a at-block-icon at-block-icon--has-icon atb-has-font-size wp-block-athemes-blocks-icon\"><style>.at-block-86456603-33e5-48a7-b157-de90f3b5438a .at-block-icon__icon { border-style: solid;border-top-left-radius: 50px ;border-top-right-radius: 50px ;border-bottom-right-radius: 50px ;border-bottom-left-radius: 50px  } .at-block-86456603-33e5-48a7-b157-de90f3b5438a { justify-content: flex-start;font-size: 34px;z-index: 0; position: relative;  } .at-block-86456603-33e5-48a7-b157-de90f3b5438a .at-block-icon__icon svg { fill: var(--sydney-global-color-9)  } .at-block-86456603-33e5-48a7-b157-de90f3b5438a .at-block-icon__icon { transform: rotate(0deg); ;background-color: var(--sydney-global-color-1); ;width: 50px; ;height: 50px;  } .at-block-86456603-33e5-48a7-b157-de90f3b5438a .at-block-icon__icon:hover { background-color: var(--sydney-global-color-1);  } <\/style><div class=\"at-block-icon__icon\"><svg xmlns=\"http:\/\/www.w3.org\/2000\/svg\" width=\"24\" height=\"24\" viewbox=\"0 0 24 24\"><path d=\"M2 12h2a7.986 7.986 0 0 1 2.337-5.663 7.91 7.91 0 0 1 2.542-1.71 8.12 8.12 0 0 1 6.13-.041A2.488 2.488 0 0 0 17.5 7C18.886 7 20 5.886 20 4.5S18.886 2 17.5 2c-.689 0-1.312.276-1.763.725-2.431-.973-5.223-.958-7.635.059a9.928 9.928 0 0 0-3.18 2.139 9.92 9.92 0 0 0-2.14 3.179A10.005 10.005 0 0 0 2 12zm17.373 3.122c-.401.952-.977 1.808-1.71 2.541s-1.589 1.309-2.542 1.71a8.12 8.12 0 0 1-6.13.041A2.488 2.488 0 0 0 6.5 17C5.114 17 4 18.114 4 19.5S5.114 22 6.5 22c.689 0 1.312-.276 1.763-.725A9.965 9.965 0 0 0 12 22a9.983 9.983 0 0 0 9.217-6.102A9.992 9.992 0 0 0 22 12h-2a7.993 7.993 0 0 1-.627 3.122z\" \/><path d=\"M12 7.462c-2.502 0-4.538 2.036-4.538 4.538S9.498 16.538 12 16.538s4.538-2.036 4.538-4.538S14.502 7.462 12 7.462zm0 7.076c-1.399 0-2.538-1.139-2.538-2.538S10.601 9.462 12 9.462s2.538 1.139 2.538 2.538-1.139 2.538-2.538 2.538z\" \/><\/svg><\/div><\/div>\n\n\n<h6 class=\"wp-block-heading has-dark-gray-color has-text-color\" style=\"font-size:12px;letter-spacing:1px;text-transform:uppercase\">ANALYSIEREN<\/h6>\n\n\n\n<p class=\"has-text-color\" style=\"color:var(--sydney-global-color-4)\">Probe zur Analyse einsenden oder vor Ort Schnelltest nutzen.<\/p>\n<\/div>\n\n\n\n<div class=\"wp-block-column has-global-color-9-background-color has-background has-medium-font-size is-layout-flow wp-block-column-is-layout-flow\" style=\"padding-top:var(--wp--preset--spacing--30);padding-right:var(--wp--preset--spacing--30);padding-bottom:var(--wp--preset--spacing--30);padding-left:var(--wp--preset--spacing--30)\"><div class=\"at-block at-block-cf09b9e8-50b5-4938-9de8-7c6c2c5928e9 at-block-icon at-block-icon--has-icon atb-has-font-size wp-block-athemes-blocks-icon\"><style>.at-block-cf09b9e8-50b5-4938-9de8-7c6c2c5928e9 .at-block-icon__icon { border-style: solid;border-top-left-radius: 50px ;border-top-right-radius: 50px ;border-bottom-right-radius: 50px ;border-bottom-left-radius: 50px  } .at-block-cf09b9e8-50b5-4938-9de8-7c6c2c5928e9 { justify-content: flex-start;font-size: 33px;z-index: 0; position: relative;  } .at-block-cf09b9e8-50b5-4938-9de8-7c6c2c5928e9 .at-block-icon__icon svg { fill: var(--sydney-global-color-7)  } .at-block-cf09b9e8-50b5-4938-9de8-7c6c2c5928e9 .at-block-icon__icon:hover svg { fill: var(--sydney-global-color-9)  } .at-block-cf09b9e8-50b5-4938-9de8-7c6c2c5928e9 .at-block-icon__icon { transform: rotate(0deg); ;background-color: var(--sydney-global-color-1); ;width: 50px; ;height: 50px;  } .at-block-cf09b9e8-50b5-4938-9de8-7c6c2c5928e9 .at-block-icon__icon:hover { background-color: var(--sydney-global-color-1);  } <\/style><div class=\"at-block-icon__icon\"><svg xmlns=\"http:\/\/www.w3.org\/2000\/svg\" width=\"24\" height=\"24\" viewbox=\"0 0 24 24\"><circle cx=\"12\" cy=\"12\" r=\"3\" \/><path d=\"M13 4.069V2h-2v2.069A8.008 8.008 0 0 0 4.069 11H2v2h2.069A8.007 8.007 0 0 0 11 19.931V22h2v-2.069A8.007 8.007 0 0 0 19.931 13H22v-2h-2.069A8.008 8.008 0 0 0 13 4.069zM12 18c-3.309 0-6-2.691-6-6s2.691-6 6-6 6 2.691 6 6-2.691 6-6 6z\" \/><\/svg><\/div><\/div>\n\n\n<h6 class=\"wp-block-heading has-dark-gray-color has-text-color\" style=\"font-size:12px;letter-spacing:1px;text-transform:uppercase\">HANDELN<\/h6>\n\n\n\n<p class=\"has-text-color\" style=\"color:var(--sydney-global-color-4)\">Fr\u00fchzeitig reagieren &gt; Sch\u00e4den vermeiden oder reduzieren! <\/p>\n<\/div>\n<\/div>\n\n\n\n<div class=\"wp-block-columns is-layout-flex wp-container-core-columns-is-layout-28f84493 wp-block-columns-is-layout-flex\">\n<div class=\"wp-block-column is-vertically-aligned-center is-layout-flow wp-block-column-is-layout-flow\" style=\"flex-basis:33.33%\">\n<figure class=\"wp-block-image size-medium wp-duotone-ffffff-rgba2551691070-1\"><img loading=\"lazy\" decoding=\"async\" width=\"300\" height=\"150\" src=\"https:\/\/repflowlabs.com\/wp-content\/uploads\/2026\/04\/Uni_Logo_SW-300x150.png\" alt=\"\" class=\"wp-image-1085\" srcset=\"https:\/\/repflowlabs.com\/wp-content\/uploads\/2026\/04\/Uni_Logo_SW-300x150.png 300w, https:\/\/repflowlabs.com\/wp-content\/uploads\/2026\/04\/Uni_Logo_SW-1024x512.png 1024w, https:\/\/repflowlabs.com\/wp-content\/uploads\/2026\/04\/Uni_Logo_SW-768x384.png 768w, https:\/\/repflowlabs.com\/wp-content\/uploads\/2026\/04\/Uni_Logo_SW-1536x768.png 1536w, https:\/\/repflowlabs.com\/wp-content\/uploads\/2026\/04\/Uni_Logo_SW-18x9.png 18w, https:\/\/repflowlabs.com\/wp-content\/uploads\/2026\/04\/Uni_Logo_SW-1000x500.png 1000w, https:\/\/repflowlabs.com\/wp-content\/uploads\/2026\/04\/Uni_Logo_SW-230x115.png 230w, https:\/\/repflowlabs.com\/wp-content\/uploads\/2026\/04\/Uni_Logo_SW-350x175.png 350w, https:\/\/repflowlabs.com\/wp-content\/uploads\/2026\/04\/Uni_Logo_SW-480x240.png 480w, https:\/\/repflowlabs.com\/wp-content\/uploads\/2026\/04\/Uni_Logo_SW.png 2000w\" sizes=\"auto, (max-width: 300px) 100vw, 300px\" \/><\/figure>\n<\/div>\n\n\n\n<div class=\"wp-block-column is-layout-flow wp-block-column-is-layout-flow\" style=\"flex-basis:66.66%\">\n<p class=\"has-text-align-left\" style=\"padding-top:var(--wp--preset--spacing--40);padding-bottom:var(--wp--preset--spacing--40)\">Entwickelt von mit wissenschaftlichen Partnern der Universit\u00e4t Wien. Derzeit testen wir die Anwendung in der Praxis.<\/p>\n<\/div>\n<\/div>\n\n\n\n<div class=\"wp-block-group has-global-padding is-layout-constrained wp-block-group-is-layout-constrained\">\n<div class=\"wp-block-buttons is-content-justification-center is-layout-flex wp-container-core-buttons-is-layout-a89b3969 wp-block-buttons-is-layout-flex\">\n<div class=\"wp-block-button is-style-fill\"><a class=\"wp-block-button__link has-global-color-9-color has-global-color-1-background-color has-text-color has-background has-link-color has-large-font-size has-custom-font-size wp-element-button\" href=\"https:\/\/repflowlabs.com\/de\/contact\/\">Anfrage um fr\u00fchzeitig zu testen<\/a><\/div>\n<\/div>\n<\/div>\n<\/div><\/div>\n\n\n\n<div class=\"wp-block-group alignfull center-mobile has-background has-global-padding is-layout-constrained wp-container-core-group-is-layout-4c86130a wp-block-group-is-layout-constrained\" style=\"border-bottom-color:#FFFFFF1A;border-bottom-width:1px;background-color:var(--sydney-global-color-6);margin-top:0;margin-bottom:0;padding-top:var(--wp--preset--spacing--70);padding-right:var(--wp--preset--spacing--30);padding-bottom:var(--wp--preset--spacing--70);padding-left:var(--wp--preset--spacing--30)\">\n<div class=\"wp-block-columns alignwide are-vertically-aligned-center is-layout-flex wp-container-core-columns-is-layout-28f84493 wp-block-columns-is-layout-flex\">\n<div class=\"wp-block-column is-vertically-aligned-center is-layout-flow wp-block-column-is-layout-flow\" style=\"flex-basis:100%\">\n<h3 class=\"wp-block-heading has-text-color\" style=\"color:#FFFFFF\">Seien Sie unter den Ersten, die Repflow testen<\/h3>\n<\/div>\n<\/div>\n<\/div>","protected":false},"excerpt":{"rendered":"<p>Seien Sie unter den Ersten, die Repflow testen<\/p>","protected":false},"author":1,"featured_media":0,"parent":0,"menu_order":0,"comment_status":"closed","ping_status":"closed","template":"page-templates\/page_front-page.php","meta":{"footnotes":""},"class_list":["post-741","page","type-page","status-publish","hentry"],"_links":{"self":[{"href":"https:\/\/repflowlabs.com\/de\/wp-json\/wp\/v2\/pages\/741","targetHints":{"allow":["GET"]}}],"collection":[{"href":"https:\/\/repflowlabs.com\/de\/wp-json\/wp\/v2\/pages"}],"about":[{"href":"https:\/\/repflowlabs.com\/de\/wp-json\/wp\/v2\/types\/page"}],"author":[{"embeddable":true,"href":"https:\/\/repflowlabs.com\/de\/wp-json\/wp\/v2\/users\/1"}],"replies":[{"embeddable":true,"href":"https:\/\/repflowlabs.com\/de\/wp-json\/wp\/v2\/comments?post=741"}],"version-history":[{"count":31,"href":"https:\/\/repflowlabs.com\/de\/wp-json\/wp\/v2\/pages\/741\/revisions"}],"predecessor-version":[{"id":1095,"href":"https:\/\/repflowlabs.com\/de\/wp-json\/wp\/v2\/pages\/741\/revisions\/1095"}],"wp:attachment":[{"href":"https:\/\/repflowlabs.com\/de\/wp-json\/wp\/v2\/media?parent=741"}],"curies":[{"name":"wp","href":"https:\/\/api.w.org\/{rel}","templated":true}]}}